{"id":203,"date":"2024-08-29T15:51:00","date_gmt":"2024-08-29T13:51:00","guid":{"rendered":"https:\/\/unpsydanstaboite.com\/?page_id=203"},"modified":"2024-10-02T14:30:12","modified_gmt":"2024-10-02T12:30:12","slug":"contactez-nous","status":"publish","type":"page","link":"https:\/\/unpsydanstaboite.com\/index.php\/contactez-nous\/","title":{"rendered":"Demandez un devis"},"content":{"rendered":"\t\t<div data-elementor-type=\"wp-page\" data-elementor-id=\"203\" class=\"elementor elementor-203\">\n\t\t\t\t<div class=\"elementor-element elementor-element-84eb884 e-con-full e-flex wpr-particle-no wpr-jarallax-no wpr-parallax-no wpr-sticky-section-no e-con e-parent\" data-id=\"84eb884\" data-element_type=\"container\" data-settings=\"{&quot;background_background&quot;:&quot;video&quot;,&quot;background_video_link&quot;:&quot;https:\\\/\\\/unpsydanstaboite.com\\\/wp-content\\\/uploads\\\/2024\\\/10\\\/seance-chez-le-psy.mp4&quot;,&quot;background_play_on_mobile&quot;:&quot;yes&quot;}\">\n\t\t<div class=\"elementor-background-video-container\">\n\t\t\t\t\t\t\t<video class=\"elementor-background-video-hosted elementor-html5-video\" autoplay muted playsinline loop><\/video>\n\t\t\t\t\t<\/div>\t\t<div class=\"elementor-element elementor-element-1d336440 elementor-widget elementor-widget-heading\" data-id=\"1d336440\" data-element_type=\"widget\" data-widget_type=\"heading.default\">\n\t\t\t\t<div class=\"elementor-widget-container\">\n\t\t\t<h1 class=\"elementor-heading-title elementor-size-default\"><span style=\"color: #FFFFFF\">Contactez-<\/span>nous<\/h1>\t\t<\/div>\n\t\t\t\t<\/div>\n\t\t\t\t<div class=\"elementor-element elementor-element-617cf922 elementor-widget__width-initial elementor-widget elementor-widget-text-editor\" data-id=\"617cf922\" data-element_type=\"widget\" data-widget_type=\"text-editor.default\">\n\t\t\t\t<div class=\"elementor-widget-container\">\n\t\t\t\t\t\t\t<p>Besoin de renforcer le bien-\u00eatre au sein de votre entreprise ? Notre \u00e9quipe de psychologues sp\u00e9cialis\u00e9s est \u00e0 votre \u00e9coute pour vous proposer des solutions adapt\u00e9es \u00e0 vos besoins.<\/p>\t\t\t\t\t\t<\/div>\n\t\t\t\t<\/div>\n\t\t\t\t<\/div>\n\t\t<div class=\"elementor-element elementor-element-da0804c e-con-full e-flex wpr-particle-no wpr-jarallax-no wpr-parallax-no wpr-sticky-section-no e-con e-parent\" data-id=\"da0804c\" data-element_type=\"container\">\n\t\t\t\t<div class=\"elementor-element elementor-element-7b69232 elementor-widget elementor-widget-heading\" data-id=\"7b69232\" data-element_type=\"widget\" data-widget_type=\"heading.default\">\n\t\t\t\t<div class=\"elementor-widget-container\">\n\t\t\t<h2 class=\"elementor-heading-title elementor-size-default\">Demander un devis<\/h2>\t\t<\/div>\n\t\t\t\t<\/div>\n\t\t\t\t<div class=\"elementor-element elementor-element-cfa0019 elementor-widget elementor-widget-text-editor\" data-id=\"cfa0019\" data-element_type=\"widget\" data-widget_type=\"text-editor.default\">\n\t\t\t\t<div class=\"elementor-widget-container\">\n\t\t\t\t\t\t\t<p>Interventions dans toute la France<\/p>\t\t\t\t\t\t<\/div>\n\t\t\t\t<\/div>\n\t\t\t\t<div class=\"elementor-element elementor-element-63ba1b5 elementor-widget elementor-widget-text-editor\" data-id=\"63ba1b5\" data-element_type=\"widget\" data-widget_type=\"text-editor.default\">\n\t\t\t\t<div class=\"elementor-widget-container\">\n\t\t\t\t\t\t\t<p>N&rsquo;h\u00e9sitez pas \u00e0 nous contacter pour obtenir plus d&rsquo;informations sur nos prestations, r\u00e9server une s\u00e9ance ou discuter de vos enjeux sp\u00e9cifiques. Ensemble, cultivons un environnement de travail sain et \u00e9panouissant !<\/p>\t\t\t\t\t\t<\/div>\n\t\t\t\t<\/div>\n\t\t<div class=\"elementor-element elementor-element-c36bda2 e-flex e-con-boxed wpr-particle-no wpr-jarallax-no wpr-parallax-no wpr-sticky-section-no e-con e-child\" data-id=\"c36bda2\" data-element_type=\"container\">\n\t\t\t\t\t<div class=\"e-con-inner\">\n\t\t\t\t<div class=\"elementor-element elementor-element-168970c elementor-widget__width-initial elementor-widget elementor-widget-shortcode\" data-id=\"168970c\" data-element_type=\"widget\" data-widget_type=\"shortcode.default\">\n\t\t\t\t<div class=\"elementor-widget-container\">\n\t\t\t\t\t<div class=\"elementor-shortcode\"><noscript class=\"ninja-forms-noscript-message\">\n\tRemarque\u00a0: JavaScript est requis pour ce contenu.<\/noscript>\n<div id=\"nf-form-4-cont\" class=\"nf-form-cont\" aria-live=\"polite\" aria-labelledby=\"nf-form-title-4\" aria-describedby=\"nf-form-errors-4\" role=\"form\">\n\n    <div class=\"nf-loading-spinner\"><\/div>\n\n<\/div>\n        <!-- That data is being printed as a workaround to page builders reordering the order of the scripts loaded-->\n        <script>var formDisplay=1;var nfForms=nfForms||[];var form=[];form.id='4';form.settings={\"objectType\":\"Form Setting\",\"editActive\":true,\"title\":\"Nous Contacter\",\"show_title\":1,\"allow_public_link\":0,\"embed_form\":\"\",\"clear_complete\":1,\"hide_complete\":1,\"default_label_pos\":\"above\",\"wrapper_class\":\"\",\"element_class\":\"\",\"form_title_heading_level\":\"3\",\"key\":\"\",\"add_submit\":1,\"changeEmailErrorMsg\":\"Veuillez saisir une adresse de messagerie valide. Ex\\u00a0: jean.dupont@gmail.com\",\"changeDateErrorMsg\":\"Veuillez saisir une date valide\\u00a0!\",\"confirmFieldErrorMsg\":\"Ces champs doivent correspondre\\u00a0!\",\"fieldNumberNumMinError\":\"Erreur de nombre min.\",\"fieldNumberNumMaxError\":\"Erreur de nombre max.\",\"fieldNumberIncrementBy\":\"Veuillez incr\\u00e9menter par \",\"formErrorsCorrectErrors\":\"Veuillez corriger les erreurs avant d\\u2019envoyer ce formulaire.\",\"validateRequiredField\":\"Ce champ est obligatoire.\",\"honeypotHoneypotError\":\"Erreur Honeypot\",\"fieldsMarkedRequired\":\"Les champs marqu\\u00e9s d\\u2019un <span class=\\\"ninja-forms-req-symbol\\\">*<\\\/span> sont obligatoires\",\"currency\":\"\",\"unique_field_error\":\"Un formulaire avec cette valeur a d\\u00e9j\\u00e0 \\u00e9t\\u00e9 envoy\\u00e9.\",\"logged_in\":false,\"not_logged_in_msg\":\"\",\"sub_limit_msg\":\"Le formulaire a atteint sa limite d\\u2019entr\\u00e9es.\",\"calculations\":[{\"errors\":[],\"max_options\":0,\"order\":0,\"new\":false,\"options\":[],\"name\":\"Addition\",\"eq\":\"2*3=6\",\"dec\":\"2\",\"settingModel\":{\"settings\":false,\"hide_merge_tags\":false,\"error\":false,\"name\":\"calculations\",\"type\":\"option-repeater\",\"label\":\" <a href=\\\"#\\\" class=\\\"nf-add-new\\\">Ajouter<\\\/a>\",\"width\":\"full\",\"group\":\"primary\",\"tmpl_row\":\"tmpl-nf-edit-setting-calculation-repeater-row\",\"columns\":{\"name\":{\"header\":\"Nom de la variable\",\"default\":\"\"},\"eq\":{\"header\":\"\\u00c9quation\",\"default\":\"\"},\"dec\":{\"header\":\"Pr\\u00e9cision\",\"default\":\"2\"}},\"use_merge_tags\":{\"exclude\":[\"user\",\"system\",\"post\"]}}}],\"formContentData\":[\"lastname_1724943886183\",\"firstname_1724943889888\",\"entreprise_1724943990933\",\"email_1724943920021\",\"phone_1724943966807\",\"votre_message_1724944048176\",\"envoyer_1724944504913\"],\"objectDomain\":\"display\",\"drawerDisabled\":false,\"ninjaForms\":\"Ninja Forms\",\"fieldTextareaRTEInsertLink\":\"Ins\\u00e9rer un lien\",\"fieldTextareaRTEInsertMedia\":\"Ins\\u00e9rer un m\\u00e9dia\",\"fieldTextareaRTESelectAFile\":\"S\\u00e9lectionnez un fichier\",\"formHoneypot\":\"Si vous \\u00eates un \\u00eatre humain et que vous voyez ce champ, veuillez le laisser vide.\",\"fileUploadOldCodeFileUploadInProgress\":\"T\\u00e9l\\u00e9versement du fichier en cours.\",\"fileUploadOldCodeFileUpload\":\"T\\u00c9L\\u00c9VERSEMENT DE FICHIER\",\"currencySymbol\":\"&euro;\",\"thousands_sep\":\"\\u00a0\",\"decimal_point\":\",\",\"siteLocale\":\"fr_FR\",\"dateFormat\":\"d\\\/m\\\/Y\",\"startOfWeek\":\"1\",\"of\":\"sur\",\"previousMonth\":\"Mois pr\\u00e9c\\u00e9dent\",\"nextMonth\":\"Mois suivant\",\"months\":[\"Janvier\",\"F\\u00e9vrier\",\"Mars\",\"Avril\",\"Mai\",\"Juin\",\"Juillet\",\"Ao\\u00fbt\",\"Septembre\",\"Octobre\",\"Novembre\",\"D\\u00e9cembre\"],\"monthsShort\":[\"Jan\",\"F\\u00e9v\",\"Mar\",\"Avr\",\"Mai\",\"Juin\",\"Juil\",\"Ao\\u00fb\",\"Sep\",\"Oct\",\"Nov\",\"D\\u00e9c\"],\"weekdays\":[\"Dimanche\",\"Lundi\",\"Mardi\",\"Mercredi\",\"Jeudi\",\"Vendredi\",\"Samedi\"],\"weekdaysShort\":[\"Dim\",\"Lun\",\"Mar\",\"Mer\",\"Jeu\",\"Ven\",\"Sam\"],\"weekdaysMin\":[\"Di\",\"Lu\",\"Ma\",\"Me\",\"Je\",\"Ve\",\"Sa\"],\"recaptchaConsentMissing\":\"reCaptcha validation couldn&#039;t load.\",\"recaptchaMissingCookie\":\"reCaptcha v3 validation couldn&#039;t load the cookie needed to submit the form.\",\"recaptchaConsentEvent\":\"Accept reCaptcha cookies before sending the form.\",\"currency_symbol\":\"\",\"beforeForm\":\"\",\"beforeFields\":\"\",\"afterFields\":\"\",\"afterForm\":\"\"};form.fields=[{\"objectType\":\"Field\",\"objectDomain\":\"fields\",\"editActive\":false,\"order\":1,\"idAttribute\":\"id\",\"label\":\"Nom\",\"type\":\"lastname\",\"key\":\"lastname_1724943886183\",\"label_pos\":\"above\",\"required\":1,\"default\":\"\",\"placeholder\":\"\",\"container_class\":\"\",\"element_class\":\"\",\"admin_label\":\"\",\"help_text\":\"\",\"custom_name_attribute\":\"lname\",\"personally_identifiable\":1,\"value\":\"\",\"id\":26,\"beforeField\":\"\",\"afterField\":\"\",\"parentType\":\"lastname\",\"element_templates\":[\"lastname\",\"input\"],\"old_classname\":\"\",\"wrap_template\":\"wrap\"},{\"objectType\":\"Field\",\"objectDomain\":\"fields\",\"editActive\":false,\"order\":2,\"idAttribute\":\"id\",\"label\":\"Pr\\u00e9nom\",\"type\":\"firstname\",\"key\":\"firstname_1724943889888\",\"label_pos\":\"above\",\"required\":false,\"default\":\"\",\"placeholder\":\"\",\"container_class\":\"\",\"element_class\":\"\",\"admin_label\":\"\",\"help_text\":\"\",\"custom_name_attribute\":\"fname\",\"personally_identifiable\":1,\"value\":\"\",\"id\":27,\"beforeField\":\"\",\"afterField\":\"\",\"parentType\":\"firstname\",\"element_templates\":[\"firstname\",\"input\"],\"old_classname\":\"\",\"wrap_template\":\"wrap\"},{\"objectType\":\"Field\",\"objectDomain\":\"fields\",\"editActive\":false,\"order\":3,\"idAttribute\":\"id\",\"label\":\"Entreprise\",\"type\":\"lastname\",\"key\":\"entreprise_1724943990933\",\"label_pos\":\"above\",\"required\":1,\"default\":\"\",\"placeholder\":\"\",\"container_class\":\"\",\"element_class\":\"\",\"admin_label\":\"\",\"help_text\":\"\",\"custom_name_attribute\":\"lname\",\"personally_identifiable\":1,\"value\":\"\",\"drawerDisabled\":false,\"id\":28,\"beforeField\":\"\",\"afterField\":\"\",\"parentType\":\"lastname\",\"element_templates\":[\"lastname\",\"input\"],\"old_classname\":\"\",\"wrap_template\":\"wrap\"},{\"objectType\":\"Field\",\"objectDomain\":\"fields\",\"editActive\":false,\"order\":4,\"idAttribute\":\"id\",\"label\":\"E-mail\",\"type\":\"email\",\"key\":\"email_1724943920021\",\"label_pos\":\"above\",\"required\":1,\"default\":\"\",\"placeholder\":\"\",\"container_class\":\"\",\"element_class\":\"\",\"admin_label\":\"\",\"help_text\":\"\",\"custom_name_attribute\":\"email\",\"personally_identifiable\":1,\"value\":\"\",\"id\":29,\"beforeField\":\"\",\"afterField\":\"\",\"parentType\":\"email\",\"element_templates\":[\"email\",\"input\"],\"old_classname\":\"\",\"wrap_template\":\"wrap\"},{\"objectType\":\"Field\",\"objectDomain\":\"fields\",\"editActive\":false,\"order\":5,\"idAttribute\":\"id\",\"label\":\"T\\u00e9l.\",\"type\":\"phone\",\"key\":\"phone_1724943966807\",\"label_pos\":\"above\",\"required\":false,\"default\":\"\",\"placeholder\":\"\",\"container_class\":\"\",\"element_class\":\"\",\"input_limit\":\"\",\"input_limit_type\":\"characters\",\"input_limit_msg\":\"Caract\\u00e8re(s) restant(s)\",\"manual_key\":false,\"admin_label\":\"\",\"help_text\":\"\",\"mask\":\"\",\"custom_mask\":\"\",\"custom_name_attribute\":\"phone\",\"personally_identifiable\":1,\"value\":\"\",\"id\":30,\"beforeField\":\"\",\"afterField\":\"\",\"parentType\":\"textbox\",\"element_templates\":[\"tel\",\"textbox\",\"input\"],\"old_classname\":\"\",\"wrap_template\":\"wrap\"},{\"objectType\":\"Field\",\"objectDomain\":\"fields\",\"editActive\":false,\"order\":6,\"idAttribute\":\"id\",\"label\":\"Votre message\",\"type\":\"textarea\",\"key\":\"votre_message_1724944048176\",\"label_pos\":\"above\",\"required\":false,\"default\":\"\",\"placeholder\":\"\",\"container_class\":\"\",\"element_class\":\"\",\"input_limit\":\"\",\"input_limit_type\":\"characters\",\"input_limit_msg\":\"Caract\\u00e8re(s) restant(s)\",\"manual_key\":false,\"admin_label\":\"\",\"help_text\":\"\",\"textarea_rte\":\"\",\"disable_rte_mobile\":\"\",\"textarea_media\":\"\",\"value\":\"\",\"id\":31,\"beforeField\":\"\",\"afterField\":\"\",\"parentType\":\"textarea\",\"element_templates\":[\"textarea\",\"input\"],\"old_classname\":\"\",\"wrap_template\":\"wrap\"},{\"objectType\":\"Field\",\"objectDomain\":\"fields\",\"editActive\":false,\"order\":8,\"idAttribute\":\"id\",\"type\":\"submit\",\"label\":\"Envoyer\",\"processing_label\":\"En cours de traitement\",\"container_class\":\"\",\"element_class\":\"\",\"key\":\"envoyer_1724944504913\",\"admin_label\":\"\",\"drawerDisabled\":false,\"id\":33,\"beforeField\":\"\",\"afterField\":\"\",\"value\":\"\",\"label_pos\":\"above\",\"parentType\":\"textbox\",\"element_templates\":[\"submit\",\"button\",\"input\"],\"old_classname\":\"\",\"wrap_template\":\"wrap-no-label\"}];nfForms.push(form);<\/script>\n        <\/div>\n\t\t\t\t<\/div>\n\t\t\t\t<\/div>\n\t\t\t\t\t<\/div>\n\t\t\t\t<\/div>\n\t\t\t\t<\/div>\n\t\t\t\t<\/div>\n\t\t","protected":false},"excerpt":{"rendered":"<p>Contactez-nous Besoin de renforcer le bien-\u00eatre au sein de votre entreprise ? Notre \u00e9quipe de psychologues sp\u00e9cialis\u00e9s est \u00e0 votre \u00e9coute pour vous proposer des solutions adapt\u00e9es \u00e0 vos besoins. Demander un devis Interventions dans toute la France N&rsquo;h\u00e9sitez pas \u00e0 nous contacter pour obtenir plus d&rsquo;informations sur nos prestations, r\u00e9server une s\u00e9ance ou discuter de vos enjeux sp\u00e9cifiques. Ensemble, cultivons un environnement de travail sain et \u00e9panouissant !<\/p>\n","protected":false},"author":2,"featured_media":1061,"parent":0,"menu_order":0,"comment_status":"closed","ping_status":"closed","template":"","meta":{"site-sidebar-layout":"no-sidebar","site-content-layout":"","ast-site-content-layout":"full-width-container","site-content-style":"default","site-sidebar-style":"default","ast-global-header-display":"","ast-banner-title-visibility":"","ast-main-header-display":"","ast-hfb-above-header-display":"","ast-hfb-below-header-display":"","ast-hfb-mobile-header-display":"","site-post-title":"disabled","ast-breadcrumbs-content":"","ast-featured-img":"disabled","footer-sml-layout":"","theme-transparent-header-meta":"","adv-header-id-meta":"","stick-header-meta":"","header-above-stick-meta":"","header-main-stick-meta":"","header-below-stick-meta":"","astra-migrate-meta-layouts":"default","ast-page-background-enabled":"default","ast-page-background-meta":{"desktop":{"background-color":"var(--ast-global-color-4)","background-image":"","background-repeat":"repeat","background-position":"center center","background-size":"auto","background-attachment":"scroll","background-type":"","background-media":"","overlay-type":"","overlay-color":"","overlay-opacity":"","overlay-gradient":""},"tablet":{"background-color":"","background-image":"","background-repeat":"repeat","background-position":"center center","background-size":"auto","background-attachment":"scroll","background-type":"","background-media":"","overlay-type":"","overlay-color":"","overlay-opacity":"","overlay-gradient":""},"mobile":{"background-color":"","background-image":"","background-repeat":"repeat","background-position":"center center","background-size":"auto","background-attachment":"scroll","background-type":"","background-media":"","overlay-type":"","overlay-color":"","overlay-opacity":"","overlay-gradient":""}},"ast-content-background-meta":{"desktop":{"background-color":"var(--ast-global-color-5)","background-image":"","background-repeat":"repeat","background-position":"center center","background-size":"auto","background-attachment":"scroll","background-type":"","background-media":"","overlay-type":"","overlay-color":"","overlay-opacity":"","overlay-gradient":""},"tablet":{"background-color":"var(--ast-global-color-5)","background-image":"","background-repeat":"repeat","background-position":"center center","background-size":"auto","background-attachment":"scroll","background-type":"","background-media":"","overlay-type":"","overlay-color":"","overlay-opacity":"","overlay-gradient":""},"mobile":{"background-color":"var(--ast-global-color-5)","background-image":"","background-repeat":"repeat","background-position":"center center","background-size":"auto","background-attachment":"scroll","background-type":"","background-media":"","overlay-type":"","overlay-color":"","overlay-opacity":"","overlay-gradient":""}},"footnotes":""},"class_list":["post-203","page","type-page","status-publish","has-post-thumbnail","hentry"],"yoast_head":"<!-- This site is optimized with the Yoast SEO plugin v23.5 - https:\/\/yoast.com\/wordpress\/plugins\/seo\/ -->\n<title>Contactez-nous | Services de Psychologie en Entreprise<\/title>\n<meta name=\"description\" content=\"Contactez-nous pour des informations ou pour r\u00e9server des s\u00e9ances de psychologie et de bien-\u00eatre en entreprise. R\u00e9ponse rapide assur\u00e9e.\" \/>\n<meta name=\"robots\" content=\"index, follow, max-snippet:-1, max-image-preview:large, max-video-preview:-1\" \/>\n<link rel=\"canonical\" href=\"https:\/\/unpsydanstaboite.com\/index.php\/contactez-nous\/\" \/>\n<meta property=\"og:locale\" content=\"fr_FR\" \/>\n<meta property=\"og:type\" content=\"article\" \/>\n<meta property=\"og:title\" content=\"Contactez-nous | Services de Psychologie en Entreprise\" \/>\n<meta property=\"og:description\" content=\"Contactez-nous pour des informations ou pour r\u00e9server des s\u00e9ances de psychologie et de bien-\u00eatre en entreprise. R\u00e9ponse rapide assur\u00e9e.\" \/>\n<meta property=\"og:url\" content=\"https:\/\/unpsydanstaboite.com\/index.php\/contactez-nous\/\" \/>\n<meta property=\"og:site_name\" content=\"unpsydanstaboite.com\" \/>\n<meta property=\"article:modified_time\" content=\"2024-10-02T12:30:12+00:00\" \/>\n<meta property=\"og:image\" content=\"https:\/\/unpsydanstaboite.com\/wp-content\/uploads\/2024\/09\/acceil-1.png\" \/>\n\t<meta property=\"og:image:width\" content=\"1080\" \/>\n\t<meta property=\"og:image:height\" content=\"1080\" \/>\n\t<meta property=\"og:image:type\" content=\"image\/png\" \/>\n<meta name=\"twitter:card\" content=\"summary_large_image\" \/>\n<meta name=\"twitter:label1\" content=\"Dur\u00e9e de lecture estim\u00e9e\" \/>\n\t<meta name=\"twitter:data1\" content=\"1 minute\" \/>\n<script type=\"application\/ld+json\" class=\"yoast-schema-graph\">{\"@context\":\"https:\/\/schema.org\",\"@graph\":[{\"@type\":\"WebPage\",\"@id\":\"https:\/\/unpsydanstaboite.com\/index.php\/contactez-nous\/\",\"url\":\"https:\/\/unpsydanstaboite.com\/index.php\/contactez-nous\/\",\"name\":\"Contactez-nous | Services de Psychologie en Entreprise\",\"isPartOf\":{\"@id\":\"https:\/\/unpsydanstaboite.com\/#website\"},\"primaryImageOfPage\":{\"@id\":\"https:\/\/unpsydanstaboite.com\/index.php\/contactez-nous\/#primaryimage\"},\"image\":{\"@id\":\"https:\/\/unpsydanstaboite.com\/index.php\/contactez-nous\/#primaryimage\"},\"thumbnailUrl\":\"https:\/\/unpsydanstaboite.com\/wp-content\/uploads\/2024\/09\/acceil-1.png\",\"datePublished\":\"2024-08-29T13:51:00+00:00\",\"dateModified\":\"2024-10-02T12:30:12+00:00\",\"description\":\"Contactez-nous pour des informations ou pour r\u00e9server des s\u00e9ances de psychologie et de bien-\u00eatre en entreprise. R\u00e9ponse rapide assur\u00e9e.\",\"breadcrumb\":{\"@id\":\"https:\/\/unpsydanstaboite.com\/index.php\/contactez-nous\/#breadcrumb\"},\"inLanguage\":\"fr-FR\",\"potentialAction\":[{\"@type\":\"ReadAction\",\"target\":[\"https:\/\/unpsydanstaboite.com\/index.php\/contactez-nous\/\"]}]},{\"@type\":\"ImageObject\",\"inLanguage\":\"fr-FR\",\"@id\":\"https:\/\/unpsydanstaboite.com\/index.php\/contactez-nous\/#primaryimage\",\"url\":\"https:\/\/unpsydanstaboite.com\/wp-content\/uploads\/2024\/09\/acceil-1.png\",\"contentUrl\":\"https:\/\/unpsydanstaboite.com\/wp-content\/uploads\/2024\/09\/acceil-1.png\",\"width\":1080,\"height\":1080,\"caption\":\"Bienvenue sur Un Psy dans ta Bo\u00eete, une plateforme d\u00e9di\u00e9e \u00e0 la psychologie et au bien-\u00eatre.\"},{\"@type\":\"BreadcrumbList\",\"@id\":\"https:\/\/unpsydanstaboite.com\/index.php\/contactez-nous\/#breadcrumb\",\"itemListElement\":[{\"@type\":\"ListItem\",\"position\":1,\"name\":\"Accueil\",\"item\":\"https:\/\/unpsydanstaboite.com\/\"},{\"@type\":\"ListItem\",\"position\":2,\"name\":\"Demandez un devis\"}]},{\"@type\":\"WebSite\",\"@id\":\"https:\/\/unpsydanstaboite.com\/#website\",\"url\":\"https:\/\/unpsydanstaboite.com\/\",\"name\":\"unpsydanstaboite.com\",\"description\":\"Am\u00e9liorez le bien-\u00eatre de vos employ\u00e9s\",\"potentialAction\":[{\"@type\":\"SearchAction\",\"target\":{\"@type\":\"EntryPoint\",\"urlTemplate\":\"https:\/\/unpsydanstaboite.com\/?s={search_term_string}\"},\"query-input\":{\"@type\":\"PropertyValueSpecification\",\"valueRequired\":true,\"valueName\":\"search_term_string\"}}],\"inLanguage\":\"fr-FR\"}]}<\/script>\n<!-- \/ Yoast SEO plugin. -->","yoast_head_json":{"title":"Contactez-nous | Services de Psychologie en Entreprise","description":"Contactez-nous pour des informations ou pour r\u00e9server des s\u00e9ances de psychologie et de bien-\u00eatre en entreprise. R\u00e9ponse rapide assur\u00e9e.","robots":{"index":"index","follow":"follow","max-snippet":"max-snippet:-1","max-image-preview":"max-image-preview:large","max-video-preview":"max-video-preview:-1"},"canonical":"https:\/\/unpsydanstaboite.com\/index.php\/contactez-nous\/","og_locale":"fr_FR","og_type":"article","og_title":"Contactez-nous | Services de Psychologie en Entreprise","og_description":"Contactez-nous pour des informations ou pour r\u00e9server des s\u00e9ances de psychologie et de bien-\u00eatre en entreprise. R\u00e9ponse rapide assur\u00e9e.","og_url":"https:\/\/unpsydanstaboite.com\/index.php\/contactez-nous\/","og_site_name":"unpsydanstaboite.com","article_modified_time":"2024-10-02T12:30:12+00:00","og_image":[{"width":1080,"height":1080,"url":"https:\/\/unpsydanstaboite.com\/wp-content\/uploads\/2024\/09\/acceil-1.png","type":"image\/png"}],"twitter_card":"summary_large_image","twitter_misc":{"Dur\u00e9e de lecture estim\u00e9e":"1 minute"},"schema":{"@context":"https:\/\/schema.org","@graph":[{"@type":"WebPage","@id":"https:\/\/unpsydanstaboite.com\/index.php\/contactez-nous\/","url":"https:\/\/unpsydanstaboite.com\/index.php\/contactez-nous\/","name":"Contactez-nous | Services de Psychologie en Entreprise","isPartOf":{"@id":"https:\/\/unpsydanstaboite.com\/#website"},"primaryImageOfPage":{"@id":"https:\/\/unpsydanstaboite.com\/index.php\/contactez-nous\/#primaryimage"},"image":{"@id":"https:\/\/unpsydanstaboite.com\/index.php\/contactez-nous\/#primaryimage"},"thumbnailUrl":"https:\/\/unpsydanstaboite.com\/wp-content\/uploads\/2024\/09\/acceil-1.png","datePublished":"2024-08-29T13:51:00+00:00","dateModified":"2024-10-02T12:30:12+00:00","description":"Contactez-nous pour des informations ou pour r\u00e9server des s\u00e9ances de psychologie et de bien-\u00eatre en entreprise. R\u00e9ponse rapide assur\u00e9e.","breadcrumb":{"@id":"https:\/\/unpsydanstaboite.com\/index.php\/contactez-nous\/#breadcrumb"},"inLanguage":"fr-FR","potentialAction":[{"@type":"ReadAction","target":["https:\/\/unpsydanstaboite.com\/index.php\/contactez-nous\/"]}]},{"@type":"ImageObject","inLanguage":"fr-FR","@id":"https:\/\/unpsydanstaboite.com\/index.php\/contactez-nous\/#primaryimage","url":"https:\/\/unpsydanstaboite.com\/wp-content\/uploads\/2024\/09\/acceil-1.png","contentUrl":"https:\/\/unpsydanstaboite.com\/wp-content\/uploads\/2024\/09\/acceil-1.png","width":1080,"height":1080,"caption":"Bienvenue sur Un Psy dans ta Bo\u00eete, une plateforme d\u00e9di\u00e9e \u00e0 la psychologie et au bien-\u00eatre."},{"@type":"BreadcrumbList","@id":"https:\/\/unpsydanstaboite.com\/index.php\/contactez-nous\/#breadcrumb","itemListElement":[{"@type":"ListItem","position":1,"name":"Accueil","item":"https:\/\/unpsydanstaboite.com\/"},{"@type":"ListItem","position":2,"name":"Demandez un devis"}]},{"@type":"WebSite","@id":"https:\/\/unpsydanstaboite.com\/#website","url":"https:\/\/unpsydanstaboite.com\/","name":"unpsydanstaboite.com","description":"Am\u00e9liorez le bien-\u00eatre de vos employ\u00e9s","potentialAction":[{"@type":"SearchAction","target":{"@type":"EntryPoint","urlTemplate":"https:\/\/unpsydanstaboite.com\/?s={search_term_string}"},"query-input":{"@type":"PropertyValueSpecification","valueRequired":true,"valueName":"search_term_string"}}],"inLanguage":"fr-FR"}]}},"_links":{"self":[{"href":"https:\/\/unpsydanstaboite.com\/index.php\/wp-json\/wp\/v2\/pages\/203","targetHints":{"allow":["GET"]}}],"collection":[{"href":"https:\/\/unpsydanstaboite.com\/index.php\/wp-json\/wp\/v2\/pages"}],"about":[{"href":"https:\/\/unpsydanstaboite.com\/index.php\/wp-json\/wp\/v2\/types\/page"}],"author":[{"embeddable":true,"href":"https:\/\/unpsydanstaboite.com\/index.php\/wp-json\/wp\/v2\/users\/2"}],"replies":[{"embeddable":true,"href":"https:\/\/unpsydanstaboite.com\/index.php\/wp-json\/wp\/v2\/comments?post=203"}],"version-history":[{"count":63,"href":"https:\/\/unpsydanstaboite.com\/index.php\/wp-json\/wp\/v2\/pages\/203\/revisions"}],"predecessor-version":[{"id":1299,"href":"https:\/\/unpsydanstaboite.com\/index.php\/wp-json\/wp\/v2\/pages\/203\/revisions\/1299"}],"wp:featuredmedia":[{"embeddable":true,"href":"https:\/\/unpsydanstaboite.com\/index.php\/wp-json\/wp\/v2\/media\/1061"}],"wp:attachment":[{"href":"https:\/\/unpsydanstaboite.com\/index.php\/wp-json\/wp\/v2\/media?parent=203"}],"curies":[{"name":"wp","href":"https:\/\/api.w.org\/{rel}","templated":true}]}}